{"id":1695,"date":"2024-08-04T14:48:00","date_gmt":"2024-08-04T12:48:00","guid":{"rendered":"https:\/\/www.wh4u.eu\/prace\/management-administrativa\/"},"modified":"2024-08-08T18:06:05","modified_gmt":"2024-08-08T16:06:05","slug":"management-administrativa","status":"publish","type":"page","link":"https:\/\/www.wh4u.eu\/cs\/prace\/management-administrativa\/","title":{"rendered":"Management &lt;br>&amp; administrativa"},"content":{"rendered":"<div class='wysiwyg'><\/div>","protected":false},"excerpt":{"rendered":"<p>Mana\u017eer v\u00fdroby, Food &#038; Beverage Manager, asistent\/ka, Sales Manager<\/p>\n","protected":false},"author":1,"featured_media":1368,"parent":1677,"menu_order":2,"comment_status":"closed","ping_status":"closed","template":"offers-job-type.php","meta":{"footnotes":""},"class_list":["post-1695","page","type-page","status-publish","has-post-thumbnail","hentry"],"acf":[],"yoast_head":"<!-- This site is optimized with the Yoast SEO plugin v23.5 - https:\/\/yoast.com\/wordpress\/plugins\/seo\/ -->\n<title>Management &lt;br&gt;&amp; administrativa - WH personnel agency CZ s.r.o.<\/title>\n<meta name=\"robots\" content=\"index, follow, max-snippet:-1, max-image-preview:large, max-video-preview:-1\" \/>\n<link rel=\"canonical\" href=\"https:\/\/www.wh4u.eu\/cs\/prace\/management-administrativa\/\" \/>\n<meta property=\"og:locale\" content=\"cs_CZ\" \/>\n<meta property=\"og:type\" content=\"article\" \/>\n<meta property=\"og:title\" content=\"Management &lt;br&gt;&amp; administrativa - WH personnel agency CZ s.r.o.\" \/>\n<meta property=\"og:description\" content=\"Mana\u017eer v\u00fdroby, Food &amp; Beverage Manager, asistent\/ka, Sales Manager\" \/>\n<meta property=\"og:url\" content=\"https:\/\/www.wh4u.eu\/cs\/prace\/management-administrativa\/\" \/>\n<meta property=\"og:site_name\" content=\"WH personnel agency CZ s.r.o.\" \/>\n<meta property=\"article:publisher\" content=\"https:\/\/facebook.com\" \/>\n<meta property=\"article:modified_time\" content=\"2024-08-08T16:06:05+00:00\" \/>\n<meta property=\"og:image\" content=\"https:\/\/www.wh4u.eu\/wp-content\/uploads\/2024\/04\/wh-girl_03-white.jpg\" \/>\n\t<meta property=\"og:image:width\" content=\"8000\" \/>\n\t<meta property=\"og:image:height\" content=\"6531\" \/>\n\t<meta property=\"og:image:type\" content=\"image\/jpeg\" \/>\n<meta name=\"twitter:card\" content=\"summary_large_image\" \/>\n<meta name=\"twitter:label1\" content=\"Odhadovan\u00e1 doba \u010dten\u00ed\" \/>\n\t<meta name=\"twitter:data1\" content=\"1 minuta\" \/>\n<script type=\"application\/ld+json\" class=\"yoast-schema-graph\">{\"@context\":\"https:\/\/schema.org\",\"@graph\":[{\"@type\":\"WebPage\",\"@id\":\"https:\/\/www.wh4u.eu\/cs\/prace\/management-administrativa\/\",\"url\":\"https:\/\/www.wh4u.eu\/cs\/prace\/management-administrativa\/\",\"name\":\"Management &lt;br>&amp; administrativa - WH personnel agency CZ s.r.o.\",\"isPartOf\":{\"@id\":\"https:\/\/www.wh4u.eu\/cs\/#website\"},\"primaryImageOfPage\":{\"@id\":\"https:\/\/www.wh4u.eu\/cs\/prace\/management-administrativa\/#primaryimage\"},\"image\":{\"@id\":\"https:\/\/www.wh4u.eu\/cs\/prace\/management-administrativa\/#primaryimage\"},\"thumbnailUrl\":\"https:\/\/www.wh4u.eu\/wp-content\/uploads\/2024\/04\/wh-girl_03-white.jpg\",\"datePublished\":\"2024-08-04T12:48:00+00:00\",\"dateModified\":\"2024-08-08T16:06:05+00:00\",\"breadcrumb\":{\"@id\":\"https:\/\/www.wh4u.eu\/cs\/prace\/management-administrativa\/#breadcrumb\"},\"inLanguage\":\"cs\",\"potentialAction\":[{\"@type\":\"ReadAction\",\"target\":[\"https:\/\/www.wh4u.eu\/cs\/prace\/management-administrativa\/\"]}]},{\"@type\":\"ImageObject\",\"inLanguage\":\"cs\",\"@id\":\"https:\/\/www.wh4u.eu\/cs\/prace\/management-administrativa\/#primaryimage\",\"url\":\"https:\/\/www.wh4u.eu\/wp-content\/uploads\/2024\/04\/wh-girl_03-white.jpg\",\"contentUrl\":\"https:\/\/www.wh4u.eu\/wp-content\/uploads\/2024\/04\/wh-girl_03-white.jpg\",\"width\":8000,\"height\":6531},{\"@type\":\"BreadcrumbList\",\"@id\":\"https:\/\/www.wh4u.eu\/cs\/prace\/management-administrativa\/#breadcrumb\",\"itemListElement\":[{\"@type\":\"ListItem\",\"position\":1,\"name\":\"Home\",\"item\":\"https:\/\/www.wh4u.eu\/cs\/\"},{\"@type\":\"ListItem\",\"position\":2,\"name\":\"Pr\u00e1ce?\",\"item\":\"https:\/\/www.wh4u.eu\/cs\/prace\/\"},{\"@type\":\"ListItem\",\"position\":3,\"name\":\"Management &lt;br>&amp; administrativa\"}]},{\"@type\":\"WebSite\",\"@id\":\"https:\/\/www.wh4u.eu\/cs\/#website\",\"url\":\"https:\/\/www.wh4u.eu\/cs\/\",\"name\":\"WH personnel agency CZ s.r.o.\",\"description\":\"S V\u00e1mi, pro v\u00e1\u0161 \u00fasp\u011bch\",\"potentialAction\":[{\"@type\":\"SearchAction\",\"target\":{\"@type\":\"EntryPoint\",\"urlTemplate\":\"https:\/\/www.wh4u.eu\/cs\/?s={search_term_string}\"},\"query-input\":{\"@type\":\"PropertyValueSpecification\",\"valueRequired\":true,\"valueName\":\"search_term_string\"}}],\"inLanguage\":\"cs\"}]}<\/script>\n<!-- \/ Yoast SEO plugin. -->","yoast_head_json":{"title":"Management &lt;br>&amp; administrativa - WH personnel agency CZ s.r.o.","robots":{"index":"index","follow":"follow","max-snippet":"max-snippet:-1","max-image-preview":"max-image-preview:large","max-video-preview":"max-video-preview:-1"},"canonical":"https:\/\/www.wh4u.eu\/cs\/prace\/management-administrativa\/","og_locale":"cs_CZ","og_type":"article","og_title":"Management &lt;br>&amp; administrativa - WH personnel agency CZ s.r.o.","og_description":"Mana\u017eer v\u00fdroby, Food & Beverage Manager, asistent\/ka, Sales Manager","og_url":"https:\/\/www.wh4u.eu\/cs\/prace\/management-administrativa\/","og_site_name":"WH personnel agency CZ s.r.o.","article_publisher":"https:\/\/facebook.com","article_modified_time":"2024-08-08T16:06:05+00:00","og_image":[{"width":8000,"height":6531,"url":"https:\/\/www.wh4u.eu\/wp-content\/uploads\/2024\/04\/wh-girl_03-white.jpg","type":"image\/jpeg"}],"twitter_card":"summary_large_image","twitter_misc":{"Odhadovan\u00e1 doba \u010dten\u00ed":"1 minuta"},"schema":{"@context":"https:\/\/schema.org","@graph":[{"@type":"WebPage","@id":"https:\/\/www.wh4u.eu\/cs\/prace\/management-administrativa\/","url":"https:\/\/www.wh4u.eu\/cs\/prace\/management-administrativa\/","name":"Management &lt;br>&amp; administrativa - WH personnel agency CZ s.r.o.","isPartOf":{"@id":"https:\/\/www.wh4u.eu\/cs\/#website"},"primaryImageOfPage":{"@id":"https:\/\/www.wh4u.eu\/cs\/prace\/management-administrativa\/#primaryimage"},"image":{"@id":"https:\/\/www.wh4u.eu\/cs\/prace\/management-administrativa\/#primaryimage"},"thumbnailUrl":"https:\/\/www.wh4u.eu\/wp-content\/uploads\/2024\/04\/wh-girl_03-white.jpg","datePublished":"2024-08-04T12:48:00+00:00","dateModified":"2024-08-08T16:06:05+00:00","breadcrumb":{"@id":"https:\/\/www.wh4u.eu\/cs\/prace\/management-administrativa\/#breadcrumb"},"inLanguage":"cs","potentialAction":[{"@type":"ReadAction","target":["https:\/\/www.wh4u.eu\/cs\/prace\/management-administrativa\/"]}]},{"@type":"ImageObject","inLanguage":"cs","@id":"https:\/\/www.wh4u.eu\/cs\/prace\/management-administrativa\/#primaryimage","url":"https:\/\/www.wh4u.eu\/wp-content\/uploads\/2024\/04\/wh-girl_03-white.jpg","contentUrl":"https:\/\/www.wh4u.eu\/wp-content\/uploads\/2024\/04\/wh-girl_03-white.jpg","width":8000,"height":6531},{"@type":"BreadcrumbList","@id":"https:\/\/www.wh4u.eu\/cs\/prace\/management-administrativa\/#breadcrumb","itemListElement":[{"@type":"ListItem","position":1,"name":"Home","item":"https:\/\/www.wh4u.eu\/cs\/"},{"@type":"ListItem","position":2,"name":"Pr\u00e1ce?","item":"https:\/\/www.wh4u.eu\/cs\/prace\/"},{"@type":"ListItem","position":3,"name":"Management &lt;br>&amp; administrativa"}]},{"@type":"WebSite","@id":"https:\/\/www.wh4u.eu\/cs\/#website","url":"https:\/\/www.wh4u.eu\/cs\/","name":"WH personnel agency CZ s.r.o.","description":"S V\u00e1mi, pro v\u00e1\u0161 \u00fasp\u011bch","potentialAction":[{"@type":"SearchAction","target":{"@type":"EntryPoint","urlTemplate":"https:\/\/www.wh4u.eu\/cs\/?s={search_term_string}"},"query-input":{"@type":"PropertyValueSpecification","valueRequired":true,"valueName":"search_term_string"}}],"inLanguage":"cs"}]}},"_links":{"self":[{"href":"https:\/\/www.wh4u.eu\/cs\/wp-json\/wp\/v2\/pages\/1695"}],"collection":[{"href":"https:\/\/www.wh4u.eu\/cs\/wp-json\/wp\/v2\/pages"}],"about":[{"href":"https:\/\/www.wh4u.eu\/cs\/wp-json\/wp\/v2\/types\/page"}],"author":[{"embeddable":true,"href":"https:\/\/www.wh4u.eu\/cs\/wp-json\/wp\/v2\/users\/1"}],"replies":[{"embeddable":true,"href":"https:\/\/www.wh4u.eu\/cs\/wp-json\/wp\/v2\/comments?post=1695"}],"version-history":[{"count":2,"href":"https:\/\/www.wh4u.eu\/cs\/wp-json\/wp\/v2\/pages\/1695\/revisions"}],"predecessor-version":[{"id":1712,"href":"https:\/\/www.wh4u.eu\/cs\/wp-json\/wp\/v2\/pages\/1695\/revisions\/1712"}],"up":[{"embeddable":true,"href":"https:\/\/www.wh4u.eu\/cs\/wp-json\/wp\/v2\/pages\/1677"}],"wp:featuredmedia":[{"embeddable":true,"href":"https:\/\/www.wh4u.eu\/cs\/wp-json\/wp\/v2\/media\/1368"}],"wp:attachment":[{"href":"https:\/\/www.wh4u.eu\/cs\/wp-json\/wp\/v2\/media?parent=1695"}],"curies":[{"name":"wp","href":"https:\/\/api.w.org\/{rel}","templated":true}]}}