{"id":1685,"date":"2024-08-08T09:19:40","date_gmt":"2024-08-08T07:19:40","guid":{"rendered":"https:\/\/www.wh4u.eu\/prace\/sluzby-logistika\/"},"modified":"2024-08-08T14:58:40","modified_gmt":"2024-08-08T12:58:40","slug":"sluzby-logistika","status":"publish","type":"page","link":"https:\/\/www.wh4u.eu\/cs\/prace\/sluzby-logistika\/","title":{"rendered":"HORECA &lt;br>&amp; slu\u017eby"},"content":{"rendered":"<div class='wysiwyg'><\/div>","protected":false},"excerpt":{"rendered":"<p>\u010c\u00ed\u0161n\u00edk, Pomocn\u00e1 s\u00edla, Kucha\u0159, Recep\u010dn\u00ed, Concierge<\/p>\n","protected":false},"author":1,"featured_media":1374,"parent":1677,"menu_order":3,"comment_status":"closed","ping_status":"closed","template":"offers-job-type.php","meta":{"footnotes":""},"class_list":["post-1685","page","type-page","status-publish","has-post-thumbnail","hentry"],"acf":[],"yoast_head":"<!-- This site is optimized with the Yoast SEO plugin v23.5 - https:\/\/yoast.com\/wordpress\/plugins\/seo\/ -->\n<title>HORECA &lt;br&gt;&amp; slu\u017eby - WH personnel agency CZ s.r.o.<\/title>\n<meta name=\"robots\" content=\"index, follow, max-snippet:-1, max-image-preview:large, max-video-preview:-1\" \/>\n<link rel=\"canonical\" href=\"https:\/\/www.wh4u.eu\/cs\/prace\/sluzby-logistika\/\" \/>\n<meta property=\"og:locale\" content=\"cs_CZ\" \/>\n<meta property=\"og:type\" content=\"article\" \/>\n<meta property=\"og:title\" content=\"HORECA &lt;br&gt;&amp; slu\u017eby - WH personnel agency CZ s.r.o.\" \/>\n<meta property=\"og:description\" content=\"\u010c\u00ed\u0161n\u00edk, Pomocn\u00e1 s\u00edla, Kucha\u0159, Recep\u010dn\u00ed, Concierge\" \/>\n<meta property=\"og:url\" content=\"https:\/\/www.wh4u.eu\/cs\/prace\/sluzby-logistika\/\" \/>\n<meta property=\"og:site_name\" content=\"WH personnel agency CZ s.r.o.\" \/>\n<meta property=\"article:publisher\" content=\"https:\/\/facebook.com\" \/>\n<meta property=\"article:modified_time\" content=\"2024-08-08T12:58:40+00:00\" \/>\n<meta property=\"og:image\" content=\"https:\/\/www.wh4u.eu\/wp-content\/uploads\/2024\/04\/wh-man_04-white-scaled.jpg\" \/>\n\t<meta property=\"og:image:width\" content=\"2560\" \/>\n\t<meta property=\"og:image:height\" content=\"1549\" \/>\n\t<meta property=\"og:image:type\" content=\"image\/jpeg\" \/>\n<meta name=\"twitter:card\" content=\"summary_large_image\" \/>\n<meta name=\"twitter:label1\" content=\"Odhadovan\u00e1 doba \u010dten\u00ed\" \/>\n\t<meta name=\"twitter:data1\" content=\"1 minuta\" \/>\n<script type=\"application\/ld+json\" class=\"yoast-schema-graph\">{\"@context\":\"https:\/\/schema.org\",\"@graph\":[{\"@type\":\"WebPage\",\"@id\":\"https:\/\/www.wh4u.eu\/cs\/prace\/sluzby-logistika\/\",\"url\":\"https:\/\/www.wh4u.eu\/cs\/prace\/sluzby-logistika\/\",\"name\":\"HORECA &lt;br>&amp; slu\u017eby - WH personnel agency CZ s.r.o.\",\"isPartOf\":{\"@id\":\"https:\/\/www.wh4u.eu\/cs\/#website\"},\"primaryImageOfPage\":{\"@id\":\"https:\/\/www.wh4u.eu\/cs\/prace\/sluzby-logistika\/#primaryimage\"},\"image\":{\"@id\":\"https:\/\/www.wh4u.eu\/cs\/prace\/sluzby-logistika\/#primaryimage\"},\"thumbnailUrl\":\"https:\/\/www.wh4u.eu\/wp-content\/uploads\/2024\/04\/wh-man_04-white-scaled.jpg\",\"datePublished\":\"2024-08-08T07:19:40+00:00\",\"dateModified\":\"2024-08-08T12:58:40+00:00\",\"breadcrumb\":{\"@id\":\"https:\/\/www.wh4u.eu\/cs\/prace\/sluzby-logistika\/#breadcrumb\"},\"inLanguage\":\"cs\",\"potentialAction\":[{\"@type\":\"ReadAction\",\"target\":[\"https:\/\/www.wh4u.eu\/cs\/prace\/sluzby-logistika\/\"]}]},{\"@type\":\"ImageObject\",\"inLanguage\":\"cs\",\"@id\":\"https:\/\/www.wh4u.eu\/cs\/prace\/sluzby-logistika\/#primaryimage\",\"url\":\"https:\/\/www.wh4u.eu\/wp-content\/uploads\/2024\/04\/wh-man_04-white-scaled.jpg\",\"contentUrl\":\"https:\/\/www.wh4u.eu\/wp-content\/uploads\/2024\/04\/wh-man_04-white-scaled.jpg\",\"width\":2560,\"height\":1549},{\"@type\":\"BreadcrumbList\",\"@id\":\"https:\/\/www.wh4u.eu\/cs\/prace\/sluzby-logistika\/#breadcrumb\",\"itemListElement\":[{\"@type\":\"ListItem\",\"position\":1,\"name\":\"Home\",\"item\":\"https:\/\/www.wh4u.eu\/cs\/\"},{\"@type\":\"ListItem\",\"position\":2,\"name\":\"Pr\u00e1ce?\",\"item\":\"https:\/\/www.wh4u.eu\/cs\/prace\/\"},{\"@type\":\"ListItem\",\"position\":3,\"name\":\"HORECA &lt;br>&amp; slu\u017eby\"}]},{\"@type\":\"WebSite\",\"@id\":\"https:\/\/www.wh4u.eu\/cs\/#website\",\"url\":\"https:\/\/www.wh4u.eu\/cs\/\",\"name\":\"WH personnel agency CZ s.r.o.\",\"description\":\"S V\u00e1mi, pro v\u00e1\u0161 \u00fasp\u011bch\",\"potentialAction\":[{\"@type\":\"SearchAction\",\"target\":{\"@type\":\"EntryPoint\",\"urlTemplate\":\"https:\/\/www.wh4u.eu\/cs\/?s={search_term_string}\"},\"query-input\":{\"@type\":\"PropertyValueSpecification\",\"valueRequired\":true,\"valueName\":\"search_term_string\"}}],\"inLanguage\":\"cs\"}]}<\/script>\n<!-- \/ Yoast SEO plugin. -->","yoast_head_json":{"title":"HORECA &lt;br>&amp; slu\u017eby - WH personnel agency CZ s.r.o.","robots":{"index":"index","follow":"follow","max-snippet":"max-snippet:-1","max-image-preview":"max-image-preview:large","max-video-preview":"max-video-preview:-1"},"canonical":"https:\/\/www.wh4u.eu\/cs\/prace\/sluzby-logistika\/","og_locale":"cs_CZ","og_type":"article","og_title":"HORECA &lt;br>&amp; slu\u017eby - WH personnel agency CZ s.r.o.","og_description":"\u010c\u00ed\u0161n\u00edk, Pomocn\u00e1 s\u00edla, Kucha\u0159, Recep\u010dn\u00ed, Concierge","og_url":"https:\/\/www.wh4u.eu\/cs\/prace\/sluzby-logistika\/","og_site_name":"WH personnel agency CZ s.r.o.","article_publisher":"https:\/\/facebook.com","article_modified_time":"2024-08-08T12:58:40+00:00","og_image":[{"width":2560,"height":1549,"url":"https:\/\/www.wh4u.eu\/wp-content\/uploads\/2024\/04\/wh-man_04-white-scaled.jpg","type":"image\/jpeg"}],"twitter_card":"summary_large_image","twitter_misc":{"Odhadovan\u00e1 doba \u010dten\u00ed":"1 minuta"},"schema":{"@context":"https:\/\/schema.org","@graph":[{"@type":"WebPage","@id":"https:\/\/www.wh4u.eu\/cs\/prace\/sluzby-logistika\/","url":"https:\/\/www.wh4u.eu\/cs\/prace\/sluzby-logistika\/","name":"HORECA &lt;br>&amp; slu\u017eby - WH personnel agency CZ s.r.o.","isPartOf":{"@id":"https:\/\/www.wh4u.eu\/cs\/#website"},"primaryImageOfPage":{"@id":"https:\/\/www.wh4u.eu\/cs\/prace\/sluzby-logistika\/#primaryimage"},"image":{"@id":"https:\/\/www.wh4u.eu\/cs\/prace\/sluzby-logistika\/#primaryimage"},"thumbnailUrl":"https:\/\/www.wh4u.eu\/wp-content\/uploads\/2024\/04\/wh-man_04-white-scaled.jpg","datePublished":"2024-08-08T07:19:40+00:00","dateModified":"2024-08-08T12:58:40+00:00","breadcrumb":{"@id":"https:\/\/www.wh4u.eu\/cs\/prace\/sluzby-logistika\/#breadcrumb"},"inLanguage":"cs","potentialAction":[{"@type":"ReadAction","target":["https:\/\/www.wh4u.eu\/cs\/prace\/sluzby-logistika\/"]}]},{"@type":"ImageObject","inLanguage":"cs","@id":"https:\/\/www.wh4u.eu\/cs\/prace\/sluzby-logistika\/#primaryimage","url":"https:\/\/www.wh4u.eu\/wp-content\/uploads\/2024\/04\/wh-man_04-white-scaled.jpg","contentUrl":"https:\/\/www.wh4u.eu\/wp-content\/uploads\/2024\/04\/wh-man_04-white-scaled.jpg","width":2560,"height":1549},{"@type":"BreadcrumbList","@id":"https:\/\/www.wh4u.eu\/cs\/prace\/sluzby-logistika\/#breadcrumb","itemListElement":[{"@type":"ListItem","position":1,"name":"Home","item":"https:\/\/www.wh4u.eu\/cs\/"},{"@type":"ListItem","position":2,"name":"Pr\u00e1ce?","item":"https:\/\/www.wh4u.eu\/cs\/prace\/"},{"@type":"ListItem","position":3,"name":"HORECA &lt;br>&amp; slu\u017eby"}]},{"@type":"WebSite","@id":"https:\/\/www.wh4u.eu\/cs\/#website","url":"https:\/\/www.wh4u.eu\/cs\/","name":"WH personnel agency CZ s.r.o.","description":"S V\u00e1mi, pro v\u00e1\u0161 \u00fasp\u011bch","potentialAction":[{"@type":"SearchAction","target":{"@type":"EntryPoint","urlTemplate":"https:\/\/www.wh4u.eu\/cs\/?s={search_term_string}"},"query-input":{"@type":"PropertyValueSpecification","valueRequired":true,"valueName":"search_term_string"}}],"inLanguage":"cs"}]}},"_links":{"self":[{"href":"https:\/\/www.wh4u.eu\/cs\/wp-json\/wp\/v2\/pages\/1685"}],"collection":[{"href":"https:\/\/www.wh4u.eu\/cs\/wp-json\/wp\/v2\/pages"}],"about":[{"href":"https:\/\/www.wh4u.eu\/cs\/wp-json\/wp\/v2\/types\/page"}],"author":[{"embeddable":true,"href":"https:\/\/www.wh4u.eu\/cs\/wp-json\/wp\/v2\/users\/1"}],"replies":[{"embeddable":true,"href":"https:\/\/www.wh4u.eu\/cs\/wp-json\/wp\/v2\/comments?post=1685"}],"version-history":[{"count":4,"href":"https:\/\/www.wh4u.eu\/cs\/wp-json\/wp\/v2\/pages\/1685\/revisions"}],"predecessor-version":[{"id":1783,"href":"https:\/\/www.wh4u.eu\/cs\/wp-json\/wp\/v2\/pages\/1685\/revisions\/1783"}],"up":[{"embeddable":true,"href":"https:\/\/www.wh4u.eu\/cs\/wp-json\/wp\/v2\/pages\/1677"}],"wp:featuredmedia":[{"embeddable":true,"href":"https:\/\/www.wh4u.eu\/cs\/wp-json\/wp\/v2\/media\/1374"}],"wp:attachment":[{"href":"https:\/\/www.wh4u.eu\/cs\/wp-json\/wp\/v2\/media?parent=1685"}],"curies":[{"name":"wp","href":"https:\/\/api.w.org\/{rel}","templated":true}]}}